{"id":771,"date":"2018-08-29T19:52:30","date_gmt":"2018-08-29T22:52:30","guid":{"rendered":"https:\/\/isfd127-bue.infd.edu.ar\/sitio\/datos-institucionales\/"},"modified":"2023-07-28T10:23:21","modified_gmt":"2023-07-28T13:23:21","slug":"datos-institucionales","status":"publish","type":"page","link":"https:\/\/isfd127-bue.infd.edu.ar\/sitio\/datos-institucionales\/","title":{"rendered":"Datos institucionales"},"content":{"rendered":"<p><span style=\"color: #cc6600; font-family: arial,helvetica,sans-serif; font-size: medium;\"><strong>Datos Institucionales del I.S.F.D. N\u00ba 127 \u00abCiudad del Acuerdo\u00bb<\/strong><\/span><\/p>\n<ul>\n<li><span style=\"font-family: arial,helvetica,sans-serif; font-size: small;\">Horario de atenci\u00f3n: 17:50 a 22:30<\/span><\/li>\n<li><span style=\"font-family: arial,helvetica,sans-serif; font-size: small;\">Direcci\u00f3n: Plaza 23 De Noviembre S\/N (Naci\u00f3n Y Alvear), (2900) San Nicol\u00e1s, provincia de Buenos Aires<\/span><\/li>\n<li><span style=\"font-family: arial,helvetica,sans-serif; font-size: small;\">Tel\u00e9fonos: 03461 &#8211; 425348 \/ 424137<\/span><\/li>\n<li><span style=\"font-family: arial,helvetica,sans-serif; font-size: small;\">E-mail de consultas: <a href=\"mailto:isfd127sannicolas@abc.gob.ar\">isfd127sannicolas@abc.gob.ar<\/a><br \/>\n<\/span><\/li>\n<li><span style=\"font-family: verdana; font-size: small;\"><span style=\"font-family: arial,helvetica,sans-serif;\">URL: <a href=\"https:\/\/instituto127.com\/\">https:\/\/instituto127.com\/<\/a><\/span><br \/>\n<\/span><\/li>\n<\/ul>\n","protected":false},"excerpt":{"rendered":"<p>Datos Institucionales del I.S.F.D. N\u00ba 127 \u00abCiudad del Acuerdo\u00bb Horario de atenci\u00f3n: 17:50 a 22:30 Direcci\u00f3n: Plaza 23 De Noviembre S\/N (Naci\u00f3n Y Alvear), (2900) San Nicol\u00e1s, provincia de Buenos Aires Tel\u00e9fonos: 03461 &#8211; 425348 \/ 424137 E-mail de consultas: isfd127sannicolas@abc.gob.ar URL: https:\/\/instituto127.com\/<\/p>\n","protected":false},"author":640,"featured_media":0,"parent":0,"menu_order":0,"comment_status":"closed","ping_status":"closed","template":"","meta":[],"acf":[],"_links":{"self":[{"href":"https:\/\/isfd127-bue.infd.edu.ar\/sitio\/wp-json\/wp\/v2\/pages\/771"}],"collection":[{"href":"https:\/\/isfd127-bue.infd.edu.ar\/sitio\/wp-json\/wp\/v2\/pages"}],"about":[{"href":"https:\/\/isfd127-bue.infd.edu.ar\/sitio\/wp-json\/wp\/v2\/types\/page"}],"author":[{"embeddable":true,"href":"https:\/\/isfd127-bue.infd.edu.ar\/sitio\/wp-json\/wp\/v2\/users\/640"}],"replies":[{"embeddable":true,"href":"https:\/\/isfd127-bue.infd.edu.ar\/sitio\/wp-json\/wp\/v2\/comments?post=771"}],"version-history":[{"count":1,"href":"https:\/\/isfd127-bue.infd.edu.ar\/sitio\/wp-json\/wp\/v2\/pages\/771\/revisions"}],"predecessor-version":[{"id":818,"href":"https:\/\/isfd127-bue.infd.edu.ar\/sitio\/wp-json\/wp\/v2\/pages\/771\/revisions\/818"}],"wp:attachment":[{"href":"https:\/\/isfd127-bue.infd.edu.ar\/sitio\/wp-json\/wp\/v2\/media?parent=771"}],"curies":[{"name":"wp","href":"https:\/\/api.w.org\/{rel}","templated":true}]}}